{"id":1704,"date":"2016-05-11T13:49:10","date_gmt":"2016-05-11T13:49:10","guid":{"rendered":"https:\/\/www.pulur.com.tr\/%d8%b9%d9%86\/"},"modified":"2026-02-16T13:42:59","modified_gmt":"2026-02-16T13:42:59","slug":"%d8%b9%d9%86","status":"publish","type":"page","link":"https:\/\/www.pulur.com.tr\/ar\/%d8%b9%d9%86\/","title":{"rendered":"\u0639\u0646"},"content":{"rendered":"<div id='av-layout-grid-1'  class='av-layout-grid-container av-12s5yz-1f7a44928e73ea992c3c2fd2ced1a974 entry-content-wrapper main_color av-flex-cells  avia-builder-el-0  el_before_av_section  avia-builder-el-first   container_wrap sidebar_right'  >\n\n<style type=\"text\/css\" data-created_by=\"avia_inline_auto\" id=\"style-css-av-mf56j6vx-d52c02276f288fc68a3c6f884851fd65\">\n.flex_cell.av-mf56j6vx-d52c02276f288fc68a3c6f884851fd65{\nvertical-align:top;\n}\n<\/style>\n<div class='flex_cell av-mf56j6vx-d52c02276f288fc68a3c6f884851fd65 av-gridrow-cell av_one_full no_margin  avia-builder-el-1  avia-builder-el-no-sibling  content-align-top'  ><div class='flex_cell_inner'><p><div  class='flex_column av-mf56hlcx-1b7a37f8c1d79fd35d4f1ccece105de7 av_one_full  avia-builder-el-2  el_before_av_one_full  avia-builder-el-first  first flex_column_div  '     ><style type=\"text\/css\" data-created_by=\"avia_inline_auto\" id=\"style-css-av-mf56mmc6-f661fb497cc529c892bf72c0fd4a8258\">\n#top .av-special-heading.av-mf56mmc6-f661fb497cc529c892bf72c0fd4a8258{\npadding-bottom:0;\n}\nbody .av-special-heading.av-mf56mmc6-f661fb497cc529c892bf72c0fd4a8258 .av-special-heading-tag .heading-char{\nfont-size:25px;\n}\n.av-special-heading.av-mf56mmc6-f661fb497cc529c892bf72c0fd4a8258 .av-subheading{\nfont-size:15px;\n}\n<\/style>\n<div  class='av-special-heading av-mf56mmc6-f661fb497cc529c892bf72c0fd4a8258 av-special-heading-h1 blockquote modern-quote  avia-builder-el-3  avia-builder-el-no-sibling '><h1 class='av-special-heading-tag '  itemprop=\"headline\"  >\u0645\u0639\u0644\u0648\u0645\u0627\u062a \u0639\u0646\u0627<\/h1><div class=\"special-heading-border\"><div class=\"special-heading-inner-border\"><\/div><\/div><\/div><\/div>\n<style type=\"text\/css\" data-created_by=\"avia_inline_auto\" id=\"style-css-av-4jarff-055630f1d52abfcaa65a961ea4b9f16f\">\n.flex_column.av-4jarff-055630f1d52abfcaa65a961ea4b9f16f{\nborder-radius:0px 0px 0px 0px;\npadding:30px 30px 30px 30px;\n}\n\n@media only screen and (min-width: 768px) and (max-width: 989px){ \n.flex_column.av-4jarff-055630f1d52abfcaa65a961ea4b9f16f{\npadding:10px 10px 10px 10px;\n}\n}\n\n@media only screen and (min-width: 480px) and (max-width: 767px){ \n.flex_column.av-4jarff-055630f1d52abfcaa65a961ea4b9f16f{\npadding:10px 10px 10px 10px;\n}\n}\n\n@media only screen and (max-width: 479px){ \n.flex_column.av-4jarff-055630f1d52abfcaa65a961ea4b9f16f{\npadding:10px 10px 10px 10px;\n}\n}\n<\/style>\n<div  class='flex_column av-4jarff-055630f1d52abfcaa65a961ea4b9f16f av_one_full  avia-builder-el-4  el_after_av_one_full  avia-builder-el-last  first flex_column_div  column-top-margin'     ><p><section  class='av_textblock_section av-4dndo3-d675b510dd7630051176c254c8244118 '   itemscope=\"itemscope\" itemtype=\"https:\/\/schema.org\/CreativeWork\" ><div class='avia_textblock'  itemprop=\"text\" ><p><strong>Pulur Technology<\/strong> \u0647\u064a \u0634\u0631\u0643\u0629 \u062a\u0643\u0646\u0648\u0644\u0648\u062c\u064a\u0627 \u062a\u0623\u0633\u0633\u062a \u0641\u064a \u0639\u0627\u0645 2016 \u0644\u062a\u0648\u0641\u064a\u0631 \u062d\u0644\u0648\u0644 \u0645\u0628\u062a\u0643\u0631\u0629 \u0648\u0645\u0633\u062a\u062f\u0627\u0645\u0629 \u0644\u0635\u0646\u0627\u0639\u0629 \u0627\u0644\u062e\u062f\u0645\u0627\u062a \u0627\u0644\u0644\u0648\u062c\u0633\u062a\u064a\u0629. \u0645\u0646\u0630 \u062a\u0623\u0633\u064a\u0633\u0646\u0627\u060c \u0633\u0627\u0639\u062f\u0646\u0627 \u0627\u0644\u0634\u0631\u0643\u0627\u062a \u0639\u0644\u0649 \u0632\u064a\u0627\u062f\u0629 \u0643\u0641\u0627\u0621\u062a\u0647\u0627 \u0627\u0644\u062a\u0634\u063a\u064a\u0644\u064a\u0629 \u0648\u062a\u0633\u0631\u064a\u0639 \u0627\u0644\u062a\u062d\u0648\u0644 \u0627\u0644\u0631\u0642\u0645\u064a \u0628\u0641\u0636\u0644 \u0627\u0644\u0628\u0631\u0627\u0645\u062c \u0627\u0644\u062a\u064a \u0642\u0645\u0646\u0627 \u0628\u062a\u0637\u0648\u064a\u0631\u0647\u0627 \u0641\u064a \u0645\u062c\u0627\u0644 \u0627\u0644\u062e\u062f\u0645\u0627\u062a \u0627\u0644\u0644\u0648\u062c\u0633\u062a\u064a\u0629 \u0648\u0625\u062f\u0627\u0631\u0629 \u0633\u0644\u0633\u0644\u0629 \u0627\u0644\u062a\u0648\u0631\u064a\u062f. <\/p>\n<h2>\u0646\u0638\u0627\u0645\u0646\u0627 \u0627\u0644\u0628\u064a\u0626\u064a \u0627\u0644\u062a\u0643\u0646\u0648\u0644\u0648\u062c\u064a \u0648\u0647\u064a\u0643\u0644\u0646\u0627 \u0627\u0644\u062f\u0648\u0644\u064a<\/h2>\n<p>\u064a\u0642\u0639 \u0645\u0631\u0643\u0632\u0646\u0627 \u0641\u064a <strong>\u0645\u0646\u0637\u0642\u0629 \u062a\u0637\u0648\u064a\u0631 \u0627\u0644\u062a\u0643\u0646\u0648\u0644\u0648\u062c\u064a\u0627 \u0641\u064a \u0648\u0627\u062f\u064a \u0628\u064a\u0644\u064a\u0633\u064a\u0645 \u062a\u064a\u0643\u0646\u0648\u0628\u0627\u0631\u0643<\/strong> \u060c \u0648\u0647\u064a \u0648\u0627\u062d\u062f\u0629 \u0645\u0646 \u0623\u0643\u0628\u0631 \u0627\u0644\u0646\u0638\u0645 \u0627\u0644\u0628\u064a\u0626\u064a\u0629 \u0644\u0644\u062a\u0643\u0646\u0648\u0644\u0648\u062c\u064a\u0627 \u0641\u064a \u062a\u0631\u0643\u064a\u0627\u060c \u0643\u0645\u0627 \u0646\u0648\u0627\u0635\u0644 \u0623\u064a\u0636\u064b\u0627 \u0623\u0646\u0634\u0637\u062a\u0646\u0627 \u0627\u0644\u062f\u0648\u0644\u064a\u0629 \u0641\u064a \u0645\u062c\u0627\u0644 \u0627\u0644\u0628\u062d\u062b \u0648\u0627\u0644\u062a\u0637\u0648\u064a\u0631 \u0648\u062a\u0637\u0648\u064a\u0631 \u0627\u0644\u062a\u0643\u0646\u0648\u0644\u0648\u062c\u064a\u0627 \u0645\u0646 \u062e\u0644\u0627\u0644 \u0645\u0643\u062a\u0628\u0646\u0627 \u062f\u0627\u062e\u0644 <strong>\u062c\u0627\u0645\u0639\u0629 \u0623\u0630\u0631\u0628\u064a\u062c\u0627\u0646 \u0627\u0644\u062a\u0642\u0646\u064a\u0629<\/strong> . \u0648\u0628\u0647\u0630\u0647 \u0627\u0644\u0637\u0631\u064a\u0642\u0629\u060c \u0623\u0635\u0628\u062d \u0644\u062f\u064a\u0646\u0627 \u0634\u0628\u0643\u0629 \u0642\u0648\u064a\u0629 \u0645\u0646 \u0627\u0644\u0645\u0639\u0631\u0641\u0629 \u0648\u0627\u0644\u062a\u0639\u0627\u0648\u0646 \u0639\u0644\u0649 \u0627\u0644\u0645\u0633\u062a\u0648\u0649 \u0627\u0644\u0645\u062d\u0644\u064a \u0648\u0627\u0644\u0639\u0627\u0644\u0645\u064a. <\/p>\n<p>\u064a\u0642\u062f\u0645 <strong><a href=\"https:\/\/www.pulur.com.tr\/ar\/picka-wms\/\">Picka WMS<\/a> (\u0646\u0638\u0627\u0645 \u0625\u062f\u0627\u0631\u0629 \u0627\u0644\u0645\u0633\u062a\u0648\u062f\u0639\u0627\u062a)<\/strong> \u0648 <strong><a href=\"https:\/\/www.pulur.com.tr\/ar\/picka-tms\/\">Picka TMS<\/a> (\u0646\u0638\u0627\u0645 \u0625\u062f\u0627\u0631\u0629 \u0627\u0644\u0646\u0642\u0644)<\/strong> \u060c \u0627\u0644\u0645\u0636\u0645\u0646\u064a\u0646 \u0641\u064a \u0645\u062c\u0645\u0648\u0639\u0629 \u0645\u0646\u062a\u062c\u0627\u062a\u0646\u0627\u060c \u062d\u0644\u0648\u0644\u0627\u064b \u0645\u062a\u0643\u0627\u0645\u0644\u0629 \u062a\u0645\u0643\u0646 \u0645\u0646 \u0625\u062f\u0627\u0631\u0629 \u0627\u0644\u0639\u0645\u0644\u064a\u0627\u062a \u0627\u0644\u0644\u0648\u062c\u0633\u062a\u064a\u0629 \u0645\u0646 \u0627\u0644\u0628\u062f\u0627\u064a\u0629 \u0625\u0644\u0649 \u0627\u0644\u0646\u0647\u0627\u064a\u0629. \u062a\u0639\u0645\u0644 \u0647\u0630\u0647 \u0627\u0644\u0628\u0631\u0627\u0645\u062c \u0639\u0644\u0649 \u0632\u064a\u0627\u062f\u0629 \u0627\u0644\u0642\u062f\u0631\u0629 \u0627\u0644\u062a\u0646\u0627\u0641\u0633\u064a\u0629 \u0644\u0639\u0645\u0644\u0627\u0626\u0646\u0627 \u0645\u0646 \u062e\u0644\u0627\u0644 \u062a\u0648\u0641\u064a\u0631 \u0627\u0644\u0633\u0631\u0639\u0629 \u0648\u0627\u0644\u062f\u0642\u0629 \u0648\u0627\u0644\u062a\u062d\u0643\u0645 \u0627\u0644\u0643\u0627\u0645\u0644 \u0641\u064a \u062c\u0645\u064a\u0639 \u0627\u0644\u0645\u0631\u0627\u062d\u0644\u060c \u0645\u0646 \u0639\u0645\u0644\u064a\u0627\u062a \u0627\u0644\u0645\u0633\u062a\u0648\u062f\u0639\u0627\u062a \u0625\u0644\u0649 \u062a\u062e\u0637\u064a\u0637 \u0627\u0644\u0646\u0642\u0644\u060c \u0648\u0645\u0646 \u0625\u062f\u0627\u0631\u0629 \u0627\u0644\u0637\u0644\u0628\u0627\u062a \u0625\u0644\u0649 \u0639\u0645\u0644\u064a\u0627\u062a \u0627\u0644\u062a\u0648\u0632\u064a\u0639.<\/p>\n<p>\u0644\u0627 \u062a\u0642\u062a\u0635\u0631 \u0634\u0631\u0643\u0629 Pulur Technology \u0639\u0644\u0649 \u062a\u0637\u0648\u064a\u0631 \u0627\u0644\u0628\u0631\u0645\u062c\u064a\u0627\u062a \u0641\u062d\u0633\u0628\u061b \u0628\u0644 \u062a\u0642\u062f\u0645 \u0623\u064a\u0636\u064b\u0627 \u062e\u062f\u0645\u0627\u062a <strong>\u0627\u0633\u062a\u0634\u0627\u0631\u064a\u0629 \u0644\u0639\u0645\u0644\u064a\u0627\u062a \u0627\u0644\u0623\u0639\u0645\u0627\u0644<\/strong> . \u0648\u0628\u0627\u0644\u062a\u0627\u0644\u064a\u060c \u0641\u0625\u0646\u0646\u0627 \u0646\u062f\u0639\u0645 \u0627\u0644\u0634\u0631\u0643\u0627\u062a \u0641\u064a \u0627\u0644\u062d\u0635\u0648\u0644 \u0639\u0644\u0649 \u0639\u0645\u0644\u064a\u0627\u062a \u0623\u0643\u062b\u0631 \u0643\u0641\u0627\u0621\u0629 \u0648\u0645\u0631\u0648\u0646\u0629 \u0648\u0627\u0633\u062a\u062f\u0627\u0645\u0629 \u0645\u0646 \u062e\u0644\u0627\u0644 \u0625\u0646\u062a\u0627\u062c \u062d\u0644\u0648\u0644 \u0645\u062e\u0635\u0635\u0629. <\/p>\n<p>\u062a\u0639\u0645\u0644 \u0634\u0631\u0643\u0629 Pulur Technology \u0627\u0644\u064a\u0648\u0645 <strong>\u0641\u064a \u0645\u0646\u0637\u0642\u0629 \u062c\u063a\u0631\u0627\u0641\u064a\u0629 \u0648\u0627\u0633\u0639\u0629\u060c \u0641\u064a \u0627\u0644\u0645\u0642\u0627\u0645 \u0627\u0644\u0623\u0648\u0644 \u0641\u064a \u062a\u0631\u0643\u064a\u0627 \u0648\u0622\u0633\u064a\u0627 \u0627\u0644\u0648\u0633\u0637\u0649<\/strong> \u060c \u0648\u062a\u0642\u062f\u0645 \u0627\u0644\u0628\u0631\u0627\u0645\u062c \u0627\u0644\u062a\u064a \u062a\u0637\u0648\u0631\u0647\u0627 <strong>\u0641\u064a \u0627\u0644\u0633\u0648\u0642 \u0627\u0644\u0639\u0627\u0644\u0645\u064a\u0629<\/strong> . \u0631\u0624\u064a\u062a\u0646\u0627 \u0647\u064a \u0623\u0646 \u0646\u0643\u0648\u0646 <strong>\u0634\u0631\u0643\u0629 \u0631\u0627\u0626\u062f\u0629 \u0641\u064a \u0645\u062c\u0627\u0644 \u0627\u0644\u062a\u0643\u0646\u0648\u0644\u0648\u062c\u064a\u0627 \u062a\u0642\u062f\u0645 \u062d\u0644\u0648\u0644\u0627\u064b \u0645\u0648\u062b\u0648\u0642\u0629 \u0648\u0645\u0628\u062a\u0643\u0631\u0629 \u0648\u0645\u062a\u0643\u0627\u0645\u0644\u0629<\/strong> \u0641\u064a \u0635\u0646\u0627\u0639\u0629 \u0627\u0644\u062e\u062f\u0645\u0627\u062a \u0627\u0644\u0644\u0648\u062c\u0633\u062a\u064a\u0629 \u0641\u064a \u062c\u0645\u064a\u0639 \u0623\u0646\u062d\u0627\u0621 \u0627\u0644\u0639\u0627\u0644\u0645.<\/p>\n<\/div><\/section><br \/>\n\n<style type=\"text\/css\" data-created_by=\"avia_inline_auto\" id=\"style-css-av-eyp57-a164698ea472d37bc3b6bbddb5e11b8c\">\n#top .hr.hr-invisible.av-eyp57-a164698ea472d37bc3b6bbddb5e11b8c{\nheight:30px;\n}\n<\/style>\n<div  class='hr av-eyp57-a164698ea472d37bc3b6bbddb5e11b8c hr-invisible  avia-builder-el-6  el_after_av_textblock  avia-builder-el-last '><span class='hr-inner '><span class=\"hr-inner-style\"><\/span><\/span><\/div><\/p><\/div><\/p>\n<\/div><\/div><\/div><div id='av_section_1'  class='avia-section av-4xl6pv-88da8e89202013683efe495d27810a6a main_color avia-section-large avia-no-border-styling  avia-builder-el-7  el_after_av_layout_row  el_before_av_layout_row  avia-bg-style-scroll container_wrap sidebar_right'  ><div class='container av-section-cont-open' ><div class='template-page content  av-content-small alpha units'><div class='post-entry post-entry-type-page post-entry-1704'><div class='entry-content-wrapper clearfix'>\n<div  class='flex_column av-homlv-27200200ca33a6103ebcd69740323e95 av_one_half  avia-builder-el-8  el_before_av_one_half  avia-builder-el-first  first flex_column_div  '     ><style type=\"text\/css\" data-created_by=\"avia_inline_auto\" id=\"style-css-av-meveitf7-26d85b6ba482848e543d7455276c387c\">\n.avia-image-container.av-meveitf7-26d85b6ba482848e543d7455276c387c img.avia_image{\nbox-shadow:none;\n}\n.avia-image-container.av-meveitf7-26d85b6ba482848e543d7455276c387c .av-image-caption-overlay-center{\ncolor:#ffffff;\n}\n<\/style>\n<div  class='avia-image-container av-meveitf7-26d85b6ba482848e543d7455276c387c av-styling- avia-align-center  avia-builder-el-9  avia-builder-el-no-sibling '   itemprop=\"image\" itemscope=\"itemscope\" itemtype=\"https:\/\/schema.org\/ImageObject\" ><div class=\"avia-image-container-inner\"><div class=\"avia-image-overlay-wrap\"><img decoding=\"async\" fetchpriority=\"high\" class='wp-image-1707 avia-img-lazy-loading-not-1707 avia_image ' src=\"https:\/\/www.pulur.com.tr\/wp-content\/uploads\/2025\/08\/BV-495x400.jpg\" alt='B\u0130L\u0130\u015e\u0130M VAD\u0130S\u0130' title='Bili\u015fim Vadisi'  height=\"400\" width=\"495\"  itemprop=\"thumbnailUrl\"  \/><\/div><\/div><\/div><\/div><div  class='flex_column av-8gk4r-cfeeda7e6c7e88183681212256cc1db3 av_one_half  avia-builder-el-10  el_after_av_one_half  el_before_av_one_full  flex_column_div  '     ><style type=\"text\/css\" data-created_by=\"avia_inline_auto\" id=\"style-css-av-mevej8rb-c10f0dace62e66e475260ce7bf7f16d1\">\n.avia-image-container.av-mevej8rb-c10f0dace62e66e475260ce7bf7f16d1 img.avia_image{\nbox-shadow:none;\n}\n.avia-image-container.av-mevej8rb-c10f0dace62e66e475260ce7bf7f16d1 .av-image-caption-overlay-center{\ncolor:#ffffff;\n}\n<\/style>\n<div  class='avia-image-container av-mevej8rb-c10f0dace62e66e475260ce7bf7f16d1 av-styling- avia-align-center  avia-builder-el-11  avia-builder-el-no-sibling '   itemprop=\"image\" itemscope=\"itemscope\" itemtype=\"https:\/\/schema.org\/ImageObject\" ><div class=\"avia-image-container-inner\"><div class=\"avia-image-overlay-wrap\"><img decoding=\"async\" fetchpriority=\"high\" class='wp-image-1706 avia-img-lazy-loading-not-1706 avia_image ' src=\"https:\/\/www.pulur.com.tr\/wp-content\/uploads\/2025\/08\/aztu-495x400.jpg\" alt='AZTU' title='Azerbaycan Teknik \u00dcniversitesi'  height=\"400\" width=\"495\"  itemprop=\"thumbnailUrl\" srcset=\"https:\/\/www.pulur.com.tr\/wp-content\/uploads\/2025\/08\/aztu-495x400.jpg 495w, https:\/\/www.pulur.com.tr\/wp-content\/uploads\/2025\/08\/aztu-845x684.jpg 845w\" sizes=\"(max-width: 495px) 100vw, 495px\" \/><\/div><\/div><\/div><\/div><div  class='flex_column av-awxgj-9b144307005677bb33d19462c36e8716 av_one_full  avia-builder-el-12  el_after_av_one_half  avia-builder-el-last  first flex_column_div  column-top-margin'     ><\/div>\n<\/p>\n<\/div><\/div><\/div><!-- close content main div --><\/div><\/div><div id='av-layout-grid-2'  class='av-layout-grid-container av-uoo57-928519e95e5f76056768c2f31547a1a1 entry-content-wrapper main_color av-flex-cells  avia-builder-el-13  el_after_av_section  el_before_av_one_full  grid-row-not-first  container_wrap sidebar_right'  >\n<div class='flex_cell av-pcywr-0d37049fab61abf018a88009b769544c av-gridrow-cell av_one_half no_margin  avia-builder-el-14  el_before_av_cell_one_half  avia-builder-el-first '  ><div class='flex_cell_inner'><\/div><\/div> <div class='flex_cell av-mxh7v-0feab86fe97f2370e4cf2cba77e5a2a1 av-gridrow-cell av_one_half no_margin  avia-builder-el-15  el_after_av_cell_one_half  avia-builder-el-last '  ><div class='flex_cell_inner'><\/div><\/div>\n<\/div><div id='after_grid_row_2'  class='main_color av_default_container_wrap container_wrap sidebar_right'  ><div class='container av-section-cont-open' ><div class='template-page content  av-content-small alpha units'><div class='post-entry post-entry-type-page post-entry-1704'><div class='entry-content-wrapper clearfix'>\n<div  class='flex_column av-csq1n-f23436546d470a128075868ef1a3cc61 av_one_full  avia-builder-el-16  el_after_av_layout_row  el_before_av_one_full  avia-builder-el-first  first flex_column_div  '     ><\/div>\n<div  class='flex_column av-ai6lf-acb819eb9ded78b39ee0136d31af3269 av_one_full  avia-builder-el-17  el_after_av_one_full  avia-builder-el-last  first flex_column_div  column-top-margin'     ><\/div>\n","protected":false},"excerpt":{"rendered":"","protected":false},"author":1,"featured_media":0,"parent":0,"menu_order":0,"comment_status":"closed","ping_status":"closed","template":"","meta":{"footnotes":""},"class_list":["post-1704","page","type-page","status-publish","hentry"],"_links":{"self":[{"href":"https:\/\/www.pulur.com.tr\/ar\/wp-json\/wp\/v2\/pages\/1704","targetHints":{"allow":["GET"]}}],"collection":[{"href":"https:\/\/www.pulur.com.tr\/ar\/wp-json\/wp\/v2\/pages"}],"about":[{"href":"https:\/\/www.pulur.com.tr\/ar\/wp-json\/wp\/v2\/types\/page"}],"author":[{"embeddable":true,"href":"https:\/\/www.pulur.com.tr\/ar\/wp-json\/wp\/v2\/users\/1"}],"replies":[{"embeddable":true,"href":"https:\/\/www.pulur.com.tr\/ar\/wp-json\/wp\/v2\/comments?post=1704"}],"version-history":[{"count":13,"href":"https:\/\/www.pulur.com.tr\/ar\/wp-json\/wp\/v2\/pages\/1704\/revisions"}],"predecessor-version":[{"id":3143,"href":"https:\/\/www.pulur.com.tr\/ar\/wp-json\/wp\/v2\/pages\/1704\/revisions\/3143"}],"wp:attachment":[{"href":"https:\/\/www.pulur.com.tr\/ar\/wp-json\/wp\/v2\/media?parent=1704"}],"curies":[{"name":"wp","href":"https:\/\/api.w.org\/{rel}","templated":true}]}}