{"id":1698,"date":"2016-05-11T13:49:10","date_gmt":"2016-05-11T13:49:10","guid":{"rendered":"https:\/\/www.pulur.com.tr\/haqqinda\/"},"modified":"2026-02-16T13:45:26","modified_gmt":"2026-02-16T13:45:26","slug":"haqqinda","status":"publish","type":"page","link":"https:\/\/www.pulur.com.tr\/az\/haqqinda\/","title":{"rendered":"Haqq\u0131nda"},"content":{"rendered":"<div id='av-layout-grid-1'  class='av-layout-grid-container av-av_layout_row-553b6dee262bf41a899b34ca69ce43b4 entry-content-wrapper main_color av-flex-cells  avia-builder-el-0  el_before_av_section  avia-builder-el-first   container_wrap sidebar_right'  >\n\n<style type=\"text\/css\" data-created_by=\"avia_inline_auto\" id=\"style-css-av-av_cell_one_full-7b2dfb209afb870a55451575d23bd5b9\">\n.flex_cell.av-av_cell_one_full-7b2dfb209afb870a55451575d23bd5b9{\nvertical-align:top;\n}\n<\/style>\n<div class='flex_cell av-av_cell_one_full-7b2dfb209afb870a55451575d23bd5b9 av-gridrow-cell av_one_full no_margin  avia-builder-el-1  avia-builder-el-no-sibling  content-align-top'  ><div class='flex_cell_inner'><p>\n<style type=\"text\/css\" data-created_by=\"avia_inline_auto\" id=\"style-css-av-4rfzr7-af11cf69a6c95e6bfaf2784e88810664\">\n#top .av-special-heading.av-4rfzr7-af11cf69a6c95e6bfaf2784e88810664{\npadding-bottom:30px;\nfont-size:40px;\n}\nbody .av-special-heading.av-4rfzr7-af11cf69a6c95e6bfaf2784e88810664 .av-special-heading-tag .heading-char{\nfont-size:25px;\n}\n#top #wrap_all .av-special-heading.av-4rfzr7-af11cf69a6c95e6bfaf2784e88810664 .av-special-heading-tag{\nfont-size:40px;\n}\n.av-special-heading.av-4rfzr7-af11cf69a6c95e6bfaf2784e88810664 .av-subheading{\nfont-size:15px;\n}\n\n@media only screen and (min-width: 480px) and (max-width: 767px){ \n#top #wrap_all .av-special-heading.av-4rfzr7-af11cf69a6c95e6bfaf2784e88810664 .av-special-heading-tag{\nfont-size:0.8em;\n}\n}\n\n@media only screen and (max-width: 479px){ \n#top #wrap_all .av-special-heading.av-4rfzr7-af11cf69a6c95e6bfaf2784e88810664 .av-special-heading-tag{\nfont-size:0.8em;\n}\n}\n<\/style>\n<div  class='av-special-heading av-4rfzr7-af11cf69a6c95e6bfaf2784e88810664 av-special-heading-h1 blockquote modern-quote  avia-builder-el-2  el_before_av_one_full  avia-builder-el-first  av-inherit-size'><h1 class='av-special-heading-tag '  itemprop=\"headline\"  >Haqq\u0131m\u0131zda<\/h1><div class=\"special-heading-border\"><div class=\"special-heading-inner-border\"><\/div><\/div><\/div><br \/>\n\n<style type=\"text\/css\" data-created_by=\"avia_inline_auto\" id=\"style-css-av-4jarff-be5e5ff58537b0c8a5c12fa1d96828d9\">\n.flex_column.av-4jarff-be5e5ff58537b0c8a5c12fa1d96828d9{\nborder-radius:0px 0px 0px 0px;\npadding:0px 0px 0px 0px;\n}\n<\/style>\n<div  class='flex_column av-4jarff-be5e5ff58537b0c8a5c12fa1d96828d9 av_one_full  avia-builder-el-3  el_after_av_heading  avia-builder-el-last  first flex_column_div av-zero-column-padding  '     ><section  class='av_textblock_section av-4dndo3-d675b510dd7630051176c254c8244118 '   itemscope=\"itemscope\" itemtype=\"https:\/\/schema.org\/CreativeWork\" ><div class='avia_textblock'  itemprop=\"text\" ><p data-start=\"279\" data-end=\"634\"><strong data-start=\"279\" data-end=\"298\">Pulur Technology<\/strong> logistika sektoruna innovativ v\u0259 davaml\u0131 h\u0259ll\u0259r t\u0259qdim etm\u0259k \u00fc\u00e7\u00fcn 2016-c\u0131 ild\u0259 yarad\u0131lm\u0131\u015f texnologiya \u015firk\u0259tidir. Quruldu\u011fumuz g\u00fcnd\u0259n biz logistika v\u0259 t\u0259chizat z\u0259ncirinin idar\u0259 edilm\u0259sind\u0259 inki\u015faf etdirdiyimiz proqram t\u0259minat\u0131 vasit\u0259sil\u0259 m\u00fc\u0259ssis\u0259l\u0259r\u0259 \u0259m\u0259liyyat s\u0259m\u0259r\u0259liliyini art\u0131rma\u011fa v\u0259 r\u0259q\u0259msal transformasiyan\u0131 s\u00fcr\u0259tl\u0259ndirm\u0259y\u0259 k\u00f6m\u0259k etmi\u015fik.<\/p>\n<p data-start=\"636\" data-end=\"1019\">Q\u0259rargah\u0131m\u0131z T\u00fcrkiy\u0259nin \u0259n b\u00f6y\u00fck texnologiya ekosisteml\u0259rind\u0259n biri olan <strong data-start=\"706\" data-end=\"763\">Bili\u015fim Vadisi Teknopark Texnologiya \u0130nki\u015faf\u0131 Zonas\u0131nda<\/strong> yerl\u0259\u015fir. Biz h\u0259m\u00e7inin <strong data-start=\"788\" data-end=\"822\">Az\u0259rbaycan Texniki Universitetind\u0259ki<\/strong> ofisimiz vasit\u0259sil\u0259 beyn\u0259lxalq Ar-Ge v\u0259 texnologiya inki\u015faf f\u0259aliyy\u0259tl\u0259rimizi h\u0259yata ke\u00e7iririk. Bu, biz\u0259 h\u0259m yerli, h\u0259m d\u0259 qlobal s\u0259viyy\u0259d\u0259 g\u00fccl\u00fc bilik v\u0259 \u0259m\u0259kda\u015fl\u0131q \u015f\u0259b\u0259k\u0259si t\u0259qdim edir.<\/p>\n<p data-start=\"1021\" data-end=\"1423\">Bizim m\u0259hsul portfelimiz\u0259 tam logistik idar\u0259etm\u0259 \u00fc\u00e7\u00fcn inteqrasiya olunmu\u015f h\u0259ll\u0259r t\u0259klif ed\u0259n <strong data-start=\"1049\" data-end=\"1085\"><a href=\"https:\/\/www.pulur.com.tr\/az\/picka-wms\/\">Picka WMS<\/a> (Anbar \u0130dar\u0259etm\u0259 Sistemi)<\/strong> v\u0259 <strong data-start=\"1089\" data-end=\"1132\"><a href=\"https:\/\/www.pulur.com.tr\/az\/picka-tms\/\">Picka TMS<\/a> (N\u0259qliyyat \u0130dar\u0259etm\u0259 Sistemi)<\/strong> daxildir. Bu proqram proqramlar\u0131 anbar \u0259m\u0259liyyatlar\u0131 v\u0259 da\u015f\u0131nman\u0131n planla\u015fd\u0131r\u0131lmas\u0131ndan sifari\u015fin idar\u0259 edilm\u0259si v\u0259 paylanmas\u0131na q\u0259d\u0259r b\u00fct\u00fcn m\u0259rh\u0259l\u0259l\u0259rd\u0259 s\u00fcr\u0259t, d\u0259qiqlik v\u0259 tam n\u0259zar\u0259t t\u0259min etm\u0259kl\u0259 m\u00fc\u015ft\u0259ril\u0259rimizin r\u0259qab\u0259t qabiliyy\u0259tini art\u0131r\u0131r.<\/p>\n<p data-start=\"1425\" data-end=\"1681\">Pulur Texnologiyas\u0131 yaln\u0131z proqram t\u0259minat\u0131n\u0131n inki\u015faf\u0131na diqq\u0259t yetirmir; o, h\u0259m\u00e7inin <strong data-start=\"1501\" data-end=\"1530\">biznes prosesl\u0259rinin konsaltinq<\/strong> xidm\u0259tl\u0259rini t\u0259klif edir. F\u0259rdi h\u0259ll\u0259r yaratmaqla biz \u015firk\u0259tl\u0259r\u0259 daha s\u0259m\u0259r\u0259li, \u00e7evik v\u0259 davaml\u0131 \u0259m\u0259liyyatlar \u0259ld\u0259 etm\u0259y\u0259 k\u00f6m\u0259k edirik.<\/p>\n<p data-start=\"1683\" data-end=\"1990\">Bu g\u00fcn Pulur Technology <strong data-start=\"1706\" data-end=\"1769\">geni\u015f co\u011frafiyada, ilk n\u00f6vb\u0259d\u0259 T\u00fcrkiy\u0259 v\u0259 M\u0259rk\u0259zi Asiyada<\/strong> f\u0259aliyy\u0259t g\u00f6st\u0259rir v\u0259 <strong data-start=\"1817\" data-end=\"1835\">qlobal bazarlarda<\/strong> \u00f6z proqram t\u0259minat\u0131n\u0131 t\u0259klif edir. Vizyonumuz b\u00fct\u00fcn d\u00fcnyada logistika sektorunda <strong data-start=\"1898\" data-end=\"1978\">etibarl\u0131, innovativ v\u0259 inteqrasiya olunmu\u015f h\u0259ll\u0259r t\u0259qdim ed\u0259n apar\u0131c\u0131 texnologiya \u015firk\u0259ti<\/strong> olmaqd\u0131r.<\/p>\n<\/div><\/section><br \/>\n\n<style type=\"text\/css\" data-created_by=\"avia_inline_auto\" id=\"style-css-av-eyp57-a164698ea472d37bc3b6bbddb5e11b8c\">\n#top .hr.hr-invisible.av-eyp57-a164698ea472d37bc3b6bbddb5e11b8c{\nheight:30px;\n}\n<\/style>\n<div  class='hr av-eyp57-a164698ea472d37bc3b6bbddb5e11b8c hr-invisible  avia-builder-el-5  el_after_av_textblock  avia-builder-el-last '><span class='hr-inner '><span class=\"hr-inner-style\"><\/span><\/span><\/div><\/p><\/div><\/p>\n<\/div><\/div><\/div><div id='av_section_1'  class='avia-section av-4xl6pv-88da8e89202013683efe495d27810a6a main_color avia-section-large avia-no-border-styling  avia-builder-el-6  el_after_av_layout_row  avia-builder-el-last  avia-bg-style-scroll container_wrap sidebar_right'  ><div class='container av-section-cont-open' ><div class='template-page content  av-content-small alpha units'><div class='post-entry post-entry-type-page post-entry-1698'><div class='entry-content-wrapper clearfix'>\n<div  class='flex_column av-homlv-27200200ca33a6103ebcd69740323e95 av_one_half  avia-builder-el-7  el_before_av_one_half  avia-builder-el-first  first flex_column_div  '     ><style type=\"text\/css\" data-created_by=\"avia_inline_auto\" id=\"style-css-av-meveitf7-bac23cf626a091efd69ccf477366d733\">\n.avia-image-container.av-meveitf7-bac23cf626a091efd69ccf477366d733 img.avia_image{\nbox-shadow:none;\n}\n.avia-image-container.av-meveitf7-bac23cf626a091efd69ccf477366d733 .av-image-caption-overlay-center{\ncolor:#ffffff;\n}\n<\/style>\n<div  class='avia-image-container av-meveitf7-bac23cf626a091efd69ccf477366d733 av-styling- avia-align-center  avia-builder-el-8  avia-builder-el-no-sibling '   itemprop=\"image\" itemscope=\"itemscope\" itemtype=\"https:\/\/schema.org\/ImageObject\" ><div class=\"avia-image-container-inner\"><div class=\"avia-image-overlay-wrap\"><img decoding=\"async\" fetchpriority=\"high\" class='wp-image-1701 avia-img-lazy-loading-not-1701 avia_image ' src=\"https:\/\/www.pulur.com.tr\/wp-content\/uploads\/2025\/08\/BV-495x400.jpg\" alt='B\u0130L\u0130\u015e\u0130M VAD\u0130S\u0130' title='Bili\u015fim Vadisi'  height=\"400\" width=\"495\"  itemprop=\"thumbnailUrl\"  \/><\/div><\/div><\/div><\/div><div  class='flex_column av-8gk4r-cfeeda7e6c7e88183681212256cc1db3 av_one_half  avia-builder-el-9  el_after_av_one_half  el_before_av_one_full  flex_column_div  '     ><style type=\"text\/css\" data-created_by=\"avia_inline_auto\" id=\"style-css-av-mevej8rb-baf6720c4d61d0458e2fec0426042e6e\">\n.avia-image-container.av-mevej8rb-baf6720c4d61d0458e2fec0426042e6e img.avia_image{\nbox-shadow:none;\n}\n.avia-image-container.av-mevej8rb-baf6720c4d61d0458e2fec0426042e6e .av-image-caption-overlay-center{\ncolor:#ffffff;\n}\n<\/style>\n<div  class='avia-image-container av-mevej8rb-baf6720c4d61d0458e2fec0426042e6e av-styling- avia-align-center  avia-builder-el-10  avia-builder-el-no-sibling '   itemprop=\"image\" itemscope=\"itemscope\" itemtype=\"https:\/\/schema.org\/ImageObject\" ><div class=\"avia-image-container-inner\"><div class=\"avia-image-overlay-wrap\"><img decoding=\"async\" fetchpriority=\"high\" class='wp-image-1700 avia-img-lazy-loading-not-1700 avia_image ' src=\"https:\/\/www.pulur.com.tr\/wp-content\/uploads\/2025\/08\/aztu-495x400.jpg\" alt='AZTU' title='Azerbaycan Teknik \u00dcniversitesi'  height=\"400\" width=\"495\"  itemprop=\"thumbnailUrl\" srcset=\"https:\/\/www.pulur.com.tr\/wp-content\/uploads\/2025\/08\/aztu-495x400.jpg 495w, https:\/\/www.pulur.com.tr\/wp-content\/uploads\/2025\/08\/aztu-845x684.jpg 845w\" sizes=\"(max-width: 495px) 100vw, 495px\" \/><\/div><\/div><\/div><\/div><div  class='flex_column av-awxgj-9b144307005677bb33d19462c36e8716 av_one_full  avia-builder-el-11  el_after_av_one_half  avia-builder-el-last  first flex_column_div  column-top-margin'     ><\/div>\n<\/div><\/div><\/div><!-- close content main div --><\/div><\/div><div id='after_section_1'  class='main_color av_default_container_wrap container_wrap sidebar_right'  ><div class='container av-section-cont-open' ><div class='template-page content  av-content-small alpha units'><div class='post-entry post-entry-type-page post-entry-1698'><div class='entry-content-wrapper clearfix'><\/p>\n","protected":false},"excerpt":{"rendered":"","protected":false},"author":1,"featured_media":0,"parent":0,"menu_order":0,"comment_status":"closed","ping_status":"closed","template":"","meta":{"footnotes":""},"class_list":["post-1698","page","type-page","status-publish","hentry"],"_links":{"self":[{"href":"https:\/\/www.pulur.com.tr\/az\/wp-json\/wp\/v2\/pages\/1698","targetHints":{"allow":["GET"]}}],"collection":[{"href":"https:\/\/www.pulur.com.tr\/az\/wp-json\/wp\/v2\/pages"}],"about":[{"href":"https:\/\/www.pulur.com.tr\/az\/wp-json\/wp\/v2\/types\/page"}],"author":[{"embeddable":true,"href":"https:\/\/www.pulur.com.tr\/az\/wp-json\/wp\/v2\/users\/1"}],"replies":[{"embeddable":true,"href":"https:\/\/www.pulur.com.tr\/az\/wp-json\/wp\/v2\/comments?post=1698"}],"version-history":[{"count":8,"href":"https:\/\/www.pulur.com.tr\/az\/wp-json\/wp\/v2\/pages\/1698\/revisions"}],"predecessor-version":[{"id":3152,"href":"https:\/\/www.pulur.com.tr\/az\/wp-json\/wp\/v2\/pages\/1698\/revisions\/3152"}],"wp:attachment":[{"href":"https:\/\/www.pulur.com.tr\/az\/wp-json\/wp\/v2\/media?parent=1698"}],"curies":[{"name":"wp","href":"https:\/\/api.w.org\/{rel}","templated":true}]}}