{"id":1863,"date":"2025-08-18T15:04:10","date_gmt":"2025-08-18T15:04:10","guid":{"rendered":"https:\/\/www.pulur.com.tr\/m%c9%99xfilik-siyas%c9%99ti\/"},"modified":"2026-02-16T13:55:27","modified_gmt":"2026-02-16T13:55:27","slug":"m%c9%99xfilik-siyas%c9%99ti","status":"publish","type":"page","link":"https:\/\/www.pulur.com.tr\/az\/m%c9%99xfilik-siyas%c9%99ti\/","title":{"rendered":"M\u0259xfilik Siyas\u0259ti"},"content":{"rendered":"<div id='av-layout-grid-1'  class='av-layout-grid-container av-5n73-51ec5ed2a9079c187ac8847dd0517e32 entry-content-wrapper main_color av-flex-cells  avia-builder-el-0  avia-builder-el-no-sibling   container_wrap sidebar_right'  >\n<div class='flex_cell av-2xud-6cd813335b3c63d78a9ddb61b5c0fd4c av-gridrow-cell av_one_full no_margin  avia-builder-el-1  avia-builder-el-no-sibling '  ><div class='flex_cell_inner'><p>\n<style type=\"text\/css\" data-created_by=\"avia_inline_auto\" id=\"style-css-av-mloyc1ch-98a4bec19e12272735f70cafa560df86\">\n#top .av-special-heading.av-mloyc1ch-98a4bec19e12272735f70cafa560df86{\npadding-bottom:10px;\n}\nbody .av-special-heading.av-mloyc1ch-98a4bec19e12272735f70cafa560df86 .av-special-heading-tag .heading-char{\nfont-size:25px;\n}\n.av-special-heading.av-mloyc1ch-98a4bec19e12272735f70cafa560df86 .av-subheading{\nfont-size:15px;\n}\n<\/style>\n<div  class='av-special-heading av-mloyc1ch-98a4bec19e12272735f70cafa560df86 av-special-heading-h1  avia-builder-el-2  el_before_av_textblock  avia-builder-el-first '><h1 class='av-special-heading-tag '  itemprop=\"headline\"  >M\u0259xfilik Siyas\u0259ti <\/h1><div class=\"special-heading-border\"><div class=\"special-heading-inner-border\"><\/div><\/div><\/div><br \/>\n<section  class='av_textblock_section av-mf25nk25-dc59f41cb0f1f95862d815ee950f2e62 '   itemscope=\"itemscope\" itemtype=\"https:\/\/schema.org\/CreativeWork\" ><div class='avia_textblock'  itemprop=\"text\" ><p data-start=\"321\" data-end=\"594\">Pulur Texnologiyas\u0131nda (pulur.com.tr) biz ziyar\u0259t\u00e7il\u0259rimizin v\u0259 istifad\u0259\u00e7il\u0259rimizin m\u0259xfiliyini qoruma\u011fa sadiqik. Bu M\u0259xfilik Siyas\u0259ti \u015f\u0259xsi m\u0259lumatlar\u0131n\u0131z\u0131 toplad\u0131\u011f\u0131m\u0131z m\u0259qs\u0259dl\u0259ri, onlardan nec\u0259 istifad\u0259 etdiyimizi, kiml\u0259rl\u0259 payla\u015fd\u0131\u011f\u0131m\u0131z\u0131 v\u0259 h\u00fcquqlar\u0131n\u0131z\u0131 izah edir. <\/p>\n<hr data-start=\"596\" data-end=\"599\">\n<h2 data-start=\"601\" data-end=\"628\">1. Toplad\u0131\u011f\u0131m\u0131z m\u0259lumat<\/h2>\n<p data-start=\"629\" data-end=\"738\">Veb sayt\u0131m\u0131za daxil oldu\u011funuz v\u0259 ya xidm\u0259tl\u0259rimizd\u0259n istifad\u0259 etdiyiniz zaman a\u015fa\u011f\u0131dak\u0131 m\u0259lumat n\u00f6vl\u0259ri toplana bil\u0259r:<\/p>\n<ul data-start=\"739\" data-end=\"1062\">\n<li data-start=\"739\" data-end=\"827\">\n<p data-start=\"741\" data-end=\"827\"><strong data-start=\"741\" data-end=\"762\">\u015e\u0259xsi m\u0259lumatlar:<\/strong> Ad, soyad, e-po\u00e7t \u00fcnvan\u0131, telefon n\u00f6mr\u0259si, \u015firk\u0259t m\u0259lumatlar\u0131.<\/p>\n<\/li>\n<li data-start=\"828\" data-end=\"945\">\n<p data-start=\"830\" data-end=\"945\"><strong data-start=\"830\" data-end=\"850\">Texniki m\u0259lumat:<\/strong> IP \u00fcnvan\u0131, brauzer m\u0259lumat\u0131, cihaz n\u00f6v\u00fc, kukil\u0259r vasit\u0259sil\u0259 toplanan istifad\u0259 m\u0259lumatlar\u0131.<\/p>\n<\/li>\n<li data-start=\"946\" data-end=\"1062\">\n<p data-start=\"948\" data-end=\"1062\"><strong data-start=\"948\" data-end=\"968\">Xidm\u0259t m\u0259lumatlar\u0131:<\/strong> T\u0259l\u0259b etdiyiniz m\u0259hsullar, \u0259laq\u0259 formalar\u0131nda payla\u015fd\u0131\u011f\u0131n\u0131z m\u0259zmun, d\u0259st\u0259k sor\u011fular\u0131n\u0131z.<\/p>\n<\/li>\n<\/ul>\n<hr data-start=\"1064\" data-end=\"1067\">\n<h2 data-start=\"1069\" data-end=\"1102\">2. M\u0259lumatlar\u0131n \u0130stifad\u0259 M\u0259qs\u0259dl\u0259ri<\/h2>\n<p data-start=\"1103\" data-end=\"1153\">Toplanm\u0131\u015f m\u0259lumatlar a\u015fa\u011f\u0131dak\u0131 m\u0259qs\u0259dl\u0259r \u00fc\u00e7\u00fcn istifad\u0259 olunur:<\/p>\n<ul data-start=\"1154\" data-end=\"1399\">\n<li data-start=\"1154\" data-end=\"1215\">\n<p data-start=\"1156\" data-end=\"1215\">Xidm\u0259tl\u0259rimizi t\u0259min etm\u0259k, t\u0259kmill\u0259\u015fdirm\u0259k v\u0259 f\u0259rdil\u0259\u015fdirm\u0259k,<\/p>\n<\/li>\n<li data-start=\"1216\" data-end=\"1271\">\n<p data-start=\"1218\" data-end=\"1271\">\u0130st\u0259kl\u0259rinizi v\u0259 d\u0259st\u0259k ehtiyaclar\u0131n\u0131z\u0131 qar\u015f\u0131lamaq \u00fc\u00e7\u00fcn,<\/p>\n<\/li>\n<li data-start=\"1272\" data-end=\"1353\">\n<p data-start=\"1274\" data-end=\"1353\">Sizi m\u0259hsullar\u0131m\u0131z, kampaniyalar\u0131m\u0131z v\u0259 yenil\u0259m\u0259l\u0259rimiz haqq\u0131nda m\u0259lumatland\u0131rmaq \u00fc\u00e7\u00fcn,<\/p>\n<\/li>\n<li data-start=\"1354\" data-end=\"1399\">\n<p data-start=\"1356\" data-end=\"1399\">Qanuni \u00f6hd\u0259likl\u0259rimizi yerin\u0259 yetirm\u0259k \u00fc\u00e7\u00fcn.<\/p>\n<\/li>\n<\/ul>\n<hr data-start=\"1401\" data-end=\"1404\">\n<h2 data-start=\"1406\" data-end=\"1430\">3. Kukil\u0259r<\/h2>\n<p data-start=\"1431\" data-end=\"1577\">Veb sayt\u0131m\u0131z istifad\u0259\u00e7i t\u0259cr\u00fcb\u0259nizi art\u0131rmaq \u00fc\u00e7\u00fcn kukil\u0259rd\u0259n istifad\u0259 edir. Siz brauzerinizin parametrl\u0259rind\u0259 kuki se\u00e7iml\u0259rinizi d\u0259yi\u015f\u0259 bil\u0259rsiniz. <\/p>\n<hr data-start=\"1579\" data-end=\"1582\">\n<h2 data-start=\"1584\" data-end=\"1609\">4. M\u0259lumatlar\u0131n Payla\u015f\u0131lmas\u0131<\/h2>\n<p data-start=\"1610\" data-end=\"1632\">\u015e\u0259xsi m\u0259lumatlar\u0131n\u0131z;<\/p>\n<ul data-start=\"1633\" data-end=\"1920\">\n<li data-start=\"1633\" data-end=\"1694\">\n<p data-start=\"1635\" data-end=\"1694\">Qanuni \u00f6hd\u0259likl\u0259r\u0259 uy\u011fun olaraq s\u0259lahiyy\u0259tli qurum v\u0259 t\u0259\u015fkilatlarla,<\/p>\n<\/li>\n<li data-start=\"1695\" data-end=\"1773\">\n<p data-start=\"1697\" data-end=\"1773\">Xidm\u0259t ald\u0131\u011f\u0131m\u0131z i\u015f ortaqlar\u0131 v\u0259 t\u0259chizat\u00e7\u0131larla (yaln\u0131z laz\u0131m olan d\u0259r\u0259c\u0259d\u0259),<\/p>\n<\/li>\n<li data-start=\"1774\" data-end=\"1920\">\n<p data-start=\"1776\" data-end=\"1920\">M\u0259lumatlar\u0131n t\u0259hl\u00fck\u0259sizliyini t\u0259min etm\u0259k \u00fc\u00e7\u00fcn, o, texnologiya t\u0259minat\u00e7\u0131lar\u0131m\u0131zla payla\u015f\u0131la bil\u0259r. <br data-start=\"1855\" data-end=\"1858\">He\u00e7 bir halda \u015f\u0259xsi m\u0259lumatlar\u0131n\u0131z \u00fc\u00e7\u00fcnc\u00fc t\u0259r\u0259fl\u0259r\u0259 sat\u0131lmayacaq.<\/p>\n<\/li>\n<\/ul>\n<hr data-start=\"1922\" data-end=\"1925\">\n<h2 data-start=\"1927\" data-end=\"1952\">5. M\u0259lumat\u0131n saxlanma m\u00fcdd\u0259ti<\/h2>\n<p data-start=\"1953\" data-end=\"2078\">Sizin \u015f\u0259xsi m\u0259lumatlar\u0131n\u0131z m\u00fcvafiq qanunvericilikd\u0259 n\u0259z\u0259rd\u0259 tutulmu\u015f m\u00fcdd\u0259tl\u0259r v\u0259 ya emal m\u0259qs\u0259dl\u0259ri \u00fc\u00e7\u00fcn t\u0259l\u0259b olunan m\u00fcdd\u0259t \u0259rzind\u0259 saxlan\u0131l\u0131r.<\/p>\n<hr data-start=\"2080\" data-end=\"2083\">\n<h2 data-start=\"2085\" data-end=\"2101\">6. H\u00fcquqlar\u0131n\u0131z<\/h2>\n<p data-start=\"2102\" data-end=\"2196\">6698 sayl\u0131 F\u0259rdi M\u0259lumatlar\u0131n Qorunmas\u0131 Qanununa (KVKK) uy\u011fun olaraq, a\u015fa\u011f\u0131dak\u0131 h\u00fcquqlara maliksiniz:<\/p>\n<ul data-start=\"2197\" data-end=\"2404\">\n<li data-start=\"2197\" data-end=\"2245\">\n<p data-start=\"2199\" data-end=\"2245\">M\u0259lumatlar\u0131n\u0131z\u0131n emal edilib-edilm\u0259diyini \u00f6yr\u0259nm\u0259k,<\/p>\n<\/li>\n<li data-start=\"2246\" data-end=\"2290\">\n<p data-start=\"2248\" data-end=\"2290\">M\u0259lumatlar\u0131n\u0131z i\u015fl\u0259nibs\u0259, m\u0259lumat t\u0259l\u0259b edin,<\/p>\n<\/li>\n<li data-start=\"2291\" data-end=\"2344\">\n<p data-start=\"2293\" data-end=\"2344\">M\u0259lumatlar\u0131n d\u00fcz\u0259ldilm\u0259si v\u0259 ya silinm\u0259sini t\u0259l\u0259b etm\u0259k,<\/p>\n<\/li>\n<li data-start=\"2345\" data-end=\"2404\">\n<p data-start=\"2347\" data-end=\"2404\">M\u0259lumatlar\u0131n\u0131zla ba\u011fl\u0131 emal f\u0259aliyy\u0259tl\u0259rin\u0259 etiraz edin.<\/p>\n<\/li>\n<\/ul>\n<p data-start=\"2406\" data-end=\"2505\">Bu h\u00fcquqlardan istifad\u0259 etm\u0259k \u00fc\u00e7\u00fcn <strong data-start=\"2444\" data-end=\"2467\">[ <a class=\"decorated-link cursor-pointer\" rel=\"noopener\">info <span style=\"display: none;\">Privacy<\/span> @pulur.com.tr<\/a> ]<\/strong> vasit\u0259sil\u0259 biziml\u0259 \u0259laq\u0259 saxlaya bil\u0259rsiniz.<\/p>\n<hr data-start=\"2507\" data-end=\"2510\">\n<h2 data-start=\"2512\" data-end=\"2532\">7. M\u0259lumat T\u0259hl\u00fck\u0259sizliyi<\/h2>\n<p data-start=\"2533\" data-end=\"2683\">Pulur Technology olaraq m\u0259lumatlar\u0131n\u0131z\u0131 icaz\u0259siz giri\u015f, itki v\u0259 ya sui-istifad\u0259d\u0259n qorumaq \u00fc\u00e7\u00fcn laz\u0131mi texniki v\u0259 inzibati t\u0259dbirl\u0259r g\u00f6r\u00fcr\u00fck.<\/p>\n<hr data-start=\"2685\" data-end=\"2688\">\n<h2 data-start=\"2690\" data-end=\"2719\">8. Siyas\u0259t D\u0259yi\u015fiklikl\u0259ri<\/h2>\n<p data-start=\"2720\" data-end=\"2851\">Bu M\u0259xfilik Siyas\u0259ti laz\u0131m g\u0259ldikd\u0259 yenil\u0259n\u0259 bil\u0259r. Yenil\u0259nmi\u015f versiya pulur.com.tr sayt\u0131nda d\u0259rc olunan kimi q\u00fcvv\u0259y\u0259 min\u0259c\u0259k. <\/p>\n<\/div><\/section><\/p>\n<\/div><\/div><\/div>\n","protected":false},"excerpt":{"rendered":"","protected":false},"author":1,"featured_media":0,"parent":0,"menu_order":0,"comment_status":"closed","ping_status":"open","template":"","meta":{"footnotes":""},"class_list":["post-1863","page","type-page","status-publish","hentry"],"_links":{"self":[{"href":"https:\/\/www.pulur.com.tr\/az\/wp-json\/wp\/v2\/pages\/1863","targetHints":{"allow":["GET"]}}],"collection":[{"href":"https:\/\/www.pulur.com.tr\/az\/wp-json\/wp\/v2\/pages"}],"about":[{"href":"https:\/\/www.pulur.com.tr\/az\/wp-json\/wp\/v2\/types\/page"}],"author":[{"embeddable":true,"href":"https:\/\/www.pulur.com.tr\/az\/wp-json\/wp\/v2\/users\/1"}],"replies":[{"embeddable":true,"href":"https:\/\/www.pulur.com.tr\/az\/wp-json\/wp\/v2\/comments?post=1863"}],"version-history":[{"count":4,"href":"https:\/\/www.pulur.com.tr\/az\/wp-json\/wp\/v2\/pages\/1863\/revisions"}],"predecessor-version":[{"id":3158,"href":"https:\/\/www.pulur.com.tr\/az\/wp-json\/wp\/v2\/pages\/1863\/revisions\/3158"}],"wp:attachment":[{"href":"https:\/\/www.pulur.com.tr\/az\/wp-json\/wp\/v2\/media?parent=1863"}],"curies":[{"name":"wp","href":"https:\/\/api.w.org\/{rel}","templated":true}]}}