{"id":1566,"date":"2016-05-11T13:49:10","date_gmt":"2016-05-11T13:49:10","guid":{"rendered":"https:\/\/www.pulur.com.tr\/about\/"},"modified":"2026-02-16T13:44:27","modified_gmt":"2026-02-16T13:44:27","slug":"about","status":"publish","type":"page","link":"https:\/\/www.pulur.com.tr\/en\/about\/","title":{"rendered":"About"},"content":{"rendered":"<div id='av-layout-grid-1'  class='av-layout-grid-container av-av_layout_row-553b6dee262bf41a899b34ca69ce43b4 entry-content-wrapper main_color av-flex-cells  avia-builder-el-0  el_before_av_section  avia-builder-el-first   container_wrap sidebar_right'  >\n\n<style type=\"text\/css\" data-created_by=\"avia_inline_auto\" id=\"style-css-av-av_cell_one_full-7b2dfb209afb870a55451575d23bd5b9\">\n.flex_cell.av-av_cell_one_full-7b2dfb209afb870a55451575d23bd5b9{\nvertical-align:top;\n}\n<\/style>\n<div class='flex_cell av-av_cell_one_full-7b2dfb209afb870a55451575d23bd5b9 av-gridrow-cell av_one_full no_margin  avia-builder-el-1  avia-builder-el-no-sibling  content-align-top'  ><div class='flex_cell_inner'><p>\n<style type=\"text\/css\" data-created_by=\"avia_inline_auto\" id=\"style-css-av-4rfzr7-30110d703f034031eb28404e4f08a3da\">\n#top .av-special-heading.av-4rfzr7-30110d703f034031eb28404e4f08a3da{\npadding-bottom:30px;\nfont-size:40px;\n}\nbody .av-special-heading.av-4rfzr7-30110d703f034031eb28404e4f08a3da .av-special-heading-tag .heading-char{\nfont-size:25px;\n}\n#top #wrap_all .av-special-heading.av-4rfzr7-30110d703f034031eb28404e4f08a3da .av-special-heading-tag{\nfont-size:40px;\n}\n.av-special-heading.av-4rfzr7-30110d703f034031eb28404e4f08a3da .av-subheading{\nfont-size:15px;\n}\n\n@media only screen and (min-width: 480px) and (max-width: 767px){ \n#top #wrap_all .av-special-heading.av-4rfzr7-30110d703f034031eb28404e4f08a3da .av-special-heading-tag{\nfont-size:0.8em;\n}\n}\n\n@media only screen and (max-width: 479px){ \n#top #wrap_all .av-special-heading.av-4rfzr7-30110d703f034031eb28404e4f08a3da .av-special-heading-tag{\nfont-size:0.8em;\n}\n}\n<\/style>\n<div  class='av-special-heading av-4rfzr7-30110d703f034031eb28404e4f08a3da av-special-heading-h1 blockquote modern-quote  avia-builder-el-2  el_before_av_one_full  avia-builder-el-first  av-inherit-size'><h1 class='av-special-heading-tag '  itemprop=\"headline\"  >About Us<\/h1><div class=\"special-heading-border\"><div class=\"special-heading-inner-border\"><\/div><\/div><\/div><br \/>\n\n<style type=\"text\/css\" data-created_by=\"avia_inline_auto\" id=\"style-css-av-4jarff-be5e5ff58537b0c8a5c12fa1d96828d9\">\n.flex_column.av-4jarff-be5e5ff58537b0c8a5c12fa1d96828d9{\nborder-radius:0px 0px 0px 0px;\npadding:0px 0px 0px 0px;\n}\n<\/style>\n<div  class='flex_column av-4jarff-be5e5ff58537b0c8a5c12fa1d96828d9 av_one_full  avia-builder-el-3  el_after_av_heading  avia-builder-el-last  first flex_column_div av-zero-column-padding  '     ><p><section  class='av_textblock_section av-4dndo3-d675b510dd7630051176c254c8244118 '   itemscope=\"itemscope\" itemtype=\"https:\/\/schema.org\/CreativeWork\" ><div class='avia_textblock'  itemprop=\"text\" ><p><strong>Pulur Technology<\/strong> is a technology company founded in 2016 to provide innovative and sustainable solutions to the logistics industry. Since our establishment, we have been helping businesses increase their operational efficiency and accelerate their digital transformation thanks to the software we have developed in the field of logistics and supply chain management.<\/p>\n<h2>Our Technology Ecosystem and Global Operations<\/h2>\n<p>Our center is located in <strong>the Bilisim Vadisi Teknopark Technology Development Zone<\/strong>, one of the largest technology ecosystems in Turkey, and we also continue our international R&amp;D and technology development activities with our office within <strong>Azerbaijan Technical University<\/strong>. In this way, we have a strong knowledge and collaboration network both locally and globally.<\/p>\n<p><strong><a href=\"https:\/\/www.pulur.com.tr\/en\/picka-wms\/\">Picka WMS<\/a> (Warehouse Management System)<\/strong> and <strong><a href=\"https:\/\/www.pulur.com.tr\/en\/picka-tms\/\">Picka TMS<\/a> (Transportation Management System)<\/strong>, which are included in our product portfolio, offer integrated solutions that enable end-to-end management of logistics processes. These software increase the competitiveness of our customers by providing speed, accuracy and full control at all stages, from warehouse operations to transportation planning, from order management to distribution processes.<\/p>\n<p>Pulur Technology is not limited to just software development; it also offers <strong>business process consultancy<\/strong> services. Thus, we support companies in having more efficient, flexible and sustainable operations by producing customized solutions.<\/p>\n<p>Today, Pulur Technology operates <strong>in a wide geography, primarily in Turkey and Central Asia<\/strong>, and offers the software it develops <strong>in the global market<\/strong>. Our vision is to be <strong>a leading technology company that provides reliable, innovative and integrated solutions<\/strong> in the logistics industry worldwide.<\/p>\n<\/div><\/section><br \/>\n\n<style type=\"text\/css\" data-created_by=\"avia_inline_auto\" id=\"style-css-av-eyp57-a164698ea472d37bc3b6bbddb5e11b8c\">\n#top .hr.hr-invisible.av-eyp57-a164698ea472d37bc3b6bbddb5e11b8c{\nheight:30px;\n}\n<\/style>\n<div  class='hr av-eyp57-a164698ea472d37bc3b6bbddb5e11b8c hr-invisible  avia-builder-el-5  el_after_av_textblock  avia-builder-el-last '><span class='hr-inner '><span class=\"hr-inner-style\"><\/span><\/span><\/div><\/p><\/div><\/p>\n<\/div><\/div><\/div><div id='av_section_1'  class='avia-section av-4xl6pv-88da8e89202013683efe495d27810a6a main_color avia-section-large avia-no-border-styling  avia-builder-el-6  el_after_av_layout_row  avia-builder-el-last  avia-bg-style-scroll container_wrap sidebar_right'  ><div class='container av-section-cont-open' ><div class='template-page content  av-content-small alpha units'><div class='post-entry post-entry-type-page post-entry-1566'><div class='entry-content-wrapper clearfix'>\n<div  class='flex_column av-homlv-27200200ca33a6103ebcd69740323e95 av_one_half  avia-builder-el-7  el_before_av_one_half  avia-builder-el-first  first flex_column_div  '     ><style type=\"text\/css\" data-created_by=\"avia_inline_auto\" id=\"style-css-av-meveitf7-d7c1510f8331eb2cf97937f66b0d557c\">\n.avia-image-container.av-meveitf7-d7c1510f8331eb2cf97937f66b0d557c img.avia_image{\nbox-shadow:none;\n}\n.avia-image-container.av-meveitf7-d7c1510f8331eb2cf97937f66b0d557c .av-image-caption-overlay-center{\ncolor:#ffffff;\n}\n<\/style>\n<div  class='avia-image-container av-meveitf7-d7c1510f8331eb2cf97937f66b0d557c av-styling- avia-align-center  avia-builder-el-8  avia-builder-el-no-sibling '   itemprop=\"image\" itemscope=\"itemscope\" itemtype=\"https:\/\/schema.org\/ImageObject\" ><div class=\"avia-image-container-inner\"><div class=\"avia-image-overlay-wrap\"><img decoding=\"async\" fetchpriority=\"high\" class='wp-image-1337 avia-img-lazy-loading-not-1337 avia_image ' src=\"https:\/\/www.pulur.com.tr\/wp-content\/uploads\/2025\/08\/BV-495x400.jpg\" alt='B\u0130L\u0130\u015e\u0130M VAD\u0130S\u0130' title='BV'  height=\"400\" width=\"495\"  itemprop=\"thumbnailUrl\"  \/><\/div><\/div><\/div><\/div><div  class='flex_column av-8gk4r-cfeeda7e6c7e88183681212256cc1db3 av_one_half  avia-builder-el-9  el_after_av_one_half  el_before_av_one_full  flex_column_div  '     ><style type=\"text\/css\" data-created_by=\"avia_inline_auto\" id=\"style-css-av-mevej8rb-bc1aeeb3e37d6698bff9613ccb9a67de\">\n.avia-image-container.av-mevej8rb-bc1aeeb3e37d6698bff9613ccb9a67de img.avia_image{\nbox-shadow:none;\n}\n.avia-image-container.av-mevej8rb-bc1aeeb3e37d6698bff9613ccb9a67de .av-image-caption-overlay-center{\ncolor:#ffffff;\n}\n<\/style>\n<div  class='avia-image-container av-mevej8rb-bc1aeeb3e37d6698bff9613ccb9a67de av-styling- avia-align-center  avia-builder-el-10  avia-builder-el-no-sibling '   itemprop=\"image\" itemscope=\"itemscope\" itemtype=\"https:\/\/schema.org\/ImageObject\" ><div class=\"avia-image-container-inner\"><div class=\"avia-image-overlay-wrap\"><img decoding=\"async\" fetchpriority=\"high\" class='wp-image-1335 avia-img-lazy-loading-not-1335 avia_image ' src=\"https:\/\/www.pulur.com.tr\/wp-content\/uploads\/2025\/08\/aztu-495x400.jpg\" alt='AZTU' title='aztu'  height=\"400\" width=\"495\"  itemprop=\"thumbnailUrl\" srcset=\"https:\/\/www.pulur.com.tr\/wp-content\/uploads\/2025\/08\/aztu-495x400.jpg 495w, https:\/\/www.pulur.com.tr\/wp-content\/uploads\/2025\/08\/aztu-845x684.jpg 845w\" sizes=\"(max-width: 495px) 100vw, 495px\" \/><\/div><\/div><\/div><\/div><div  class='flex_column av-awxgj-9b144307005677bb33d19462c36e8716 av_one_full  avia-builder-el-11  el_after_av_one_half  avia-builder-el-last  first flex_column_div  column-top-margin'     ><\/div>\n<\/div><\/div><\/div><!-- close content main div --><\/div><\/div><div id='after_section_1'  class='main_color av_default_container_wrap container_wrap sidebar_right'  ><div class='container av-section-cont-open' ><div class='template-page content  av-content-small alpha units'><div class='post-entry post-entry-type-page post-entry-1566'><div class='entry-content-wrapper clearfix'><\/p>\n","protected":false},"excerpt":{"rendered":"","protected":false},"author":1,"featured_media":0,"parent":0,"menu_order":0,"comment_status":"closed","ping_status":"closed","template":"","meta":{"footnotes":""},"class_list":["post-1566","page","type-page","status-publish","hentry"],"_links":{"self":[{"href":"https:\/\/www.pulur.com.tr\/en\/wp-json\/wp\/v2\/pages\/1566","targetHints":{"allow":["GET"]}}],"collection":[{"href":"https:\/\/www.pulur.com.tr\/en\/wp-json\/wp\/v2\/pages"}],"about":[{"href":"https:\/\/www.pulur.com.tr\/en\/wp-json\/wp\/v2\/types\/page"}],"author":[{"embeddable":true,"href":"https:\/\/www.pulur.com.tr\/en\/wp-json\/wp\/v2\/users\/1"}],"replies":[{"embeddable":true,"href":"https:\/\/www.pulur.com.tr\/en\/wp-json\/wp\/v2\/comments?post=1566"}],"version-history":[{"count":17,"href":"https:\/\/www.pulur.com.tr\/en\/wp-json\/wp\/v2\/pages\/1566\/revisions"}],"predecessor-version":[{"id":3145,"href":"https:\/\/www.pulur.com.tr\/en\/wp-json\/wp\/v2\/pages\/1566\/revisions\/3145"}],"wp:attachment":[{"href":"https:\/\/www.pulur.com.tr\/en\/wp-json\/wp\/v2\/media?parent=1566"}],"curies":[{"name":"wp","href":"https:\/\/api.w.org\/{rel}","templated":true}]}}