{"id":1692,"date":"2016-05-11T13:49:10","date_gmt":"2016-05-11T13:49:10","guid":{"rendered":"https:\/\/www.pulur.com.tr\/%d0%be\/"},"modified":"2026-02-16T13:27:27","modified_gmt":"2026-02-16T13:27:27","slug":"%d0%be","status":"publish","type":"page","link":"https:\/\/www.pulur.com.tr\/ru\/%d0%be\/","title":{"rendered":"\u041e \u043d\u0430\u0441"},"content":{"rendered":"<div id='av-layout-grid-1'  class='av-layout-grid-container av-av_layout_row-553b6dee262bf41a899b34ca69ce43b4 entry-content-wrapper main_color av-flex-cells  avia-builder-el-0  el_before_av_section  avia-builder-el-first   container_wrap sidebar_right'  >\n\n<style type=\"text\/css\" data-created_by=\"avia_inline_auto\" id=\"style-css-av-av_cell_one_full-7b2dfb209afb870a55451575d23bd5b9\">\n.flex_cell.av-av_cell_one_full-7b2dfb209afb870a55451575d23bd5b9{\nvertical-align:top;\n}\n<\/style>\n<div class='flex_cell av-av_cell_one_full-7b2dfb209afb870a55451575d23bd5b9 av-gridrow-cell av_one_full no_margin  avia-builder-el-1  avia-builder-el-no-sibling  content-align-top'  ><div class='flex_cell_inner'><p>\n<style type=\"text\/css\" data-created_by=\"avia_inline_auto\" id=\"style-css-av-4rfzr7-640c7715c9ac23290d0ef1f1537ca234\">\n#top .av-special-heading.av-4rfzr7-640c7715c9ac23290d0ef1f1537ca234{\npadding-bottom:30px;\nfont-size:40px;\n}\nbody .av-special-heading.av-4rfzr7-640c7715c9ac23290d0ef1f1537ca234 .av-special-heading-tag .heading-char{\nfont-size:25px;\n}\n#top #wrap_all .av-special-heading.av-4rfzr7-640c7715c9ac23290d0ef1f1537ca234 .av-special-heading-tag{\nfont-size:40px;\n}\n.av-special-heading.av-4rfzr7-640c7715c9ac23290d0ef1f1537ca234 .av-subheading{\nfont-size:15px;\n}\n\n@media only screen and (min-width: 480px) and (max-width: 767px){ \n#top #wrap_all .av-special-heading.av-4rfzr7-640c7715c9ac23290d0ef1f1537ca234 .av-special-heading-tag{\nfont-size:0.8em;\n}\n}\n\n@media only screen and (max-width: 479px){ \n#top #wrap_all .av-special-heading.av-4rfzr7-640c7715c9ac23290d0ef1f1537ca234 .av-special-heading-tag{\nfont-size:0.8em;\n}\n}\n<\/style>\n<div  class='av-special-heading av-4rfzr7-640c7715c9ac23290d0ef1f1537ca234 av-special-heading-h1 blockquote modern-quote  avia-builder-el-2  el_before_av_one_full  avia-builder-el-first  av-inherit-size'><h1 class='av-special-heading-tag '  itemprop=\"headline\"  >\u041e \u043d\u0430\u0441<\/h1><div class=\"special-heading-border\"><div class=\"special-heading-inner-border\"><\/div><\/div><\/div><br \/>\n\n<style type=\"text\/css\" data-created_by=\"avia_inline_auto\" id=\"style-css-av-4jarff-be5e5ff58537b0c8a5c12fa1d96828d9\">\n.flex_column.av-4jarff-be5e5ff58537b0c8a5c12fa1d96828d9{\nborder-radius:0px 0px 0px 0px;\npadding:0px 0px 0px 0px;\n}\n<\/style>\n<div  class='flex_column av-4jarff-be5e5ff58537b0c8a5c12fa1d96828d9 av_one_full  avia-builder-el-3  el_after_av_heading  avia-builder-el-last  first flex_column_div av-zero-column-padding  '     ><p><section  class='av_textblock_section av-4dndo3-d675b510dd7630051176c254c8244118 '   itemscope=\"itemscope\" itemtype=\"https:\/\/schema.org\/CreativeWork\" ><div class='avia_textblock'  itemprop=\"text\" ><p><strong>Pulur Technology<\/strong> \u2014 \u0442\u0435\u0445\u043d\u043e\u043b\u043e\u0433\u0438\u0447\u0435\u0441\u043a\u0430\u044f \u043a\u043e\u043c\u043f\u0430\u043d\u0438\u044f, \u043e\u0441\u043d\u043e\u0432\u0430\u043d\u043d\u0430\u044f \u0432 2016 \u0433\u043e\u0434\u0443 \u0434\u043b\u044f \u0440\u0430\u0437\u0440\u0430\u0431\u043e\u0442\u043a\u0438 \u0438\u043d\u043d\u043e\u0432\u0430\u0446\u0438\u043e\u043d\u043d\u044b\u0445 \u0438 \u0443\u0441\u0442\u043e\u0439\u0447\u0438\u0432\u044b\u0445 \u0440\u0435\u0448\u0435\u043d\u0438\u0439 \u0434\u043b\u044f \u0441\u0435\u043a\u0442\u043e\u0440\u0430 \u043b\u043e\u0433\u0438\u0441\u0442\u0438\u043a\u0438. \u0421 \u043c\u043e\u043c\u0435\u043d\u0442\u0430 \u043e\u0441\u043d\u043e\u0432\u0430\u043d\u0438\u044f \u043c\u044b \u043f\u043e\u043c\u043e\u0433\u0430\u0435\u043c \u043a\u043e\u043c\u043f\u0430\u043d\u0438\u044f\u043c \u043f\u043e\u0432\u044b\u0448\u0430\u0442\u044c \u043e\u043f\u0435\u0440\u0430\u0446\u0438\u043e\u043d\u043d\u0443\u044e \u044d\u0444\u0444\u0435\u043a\u0442\u0438\u0432\u043d\u043e\u0441\u0442\u044c \u0438 \u0443\u0441\u043a\u043e\u0440\u044f\u0442\u044c \u0446\u0438\u0444\u0440\u043e\u0432\u0443\u044e \u0442\u0440\u0430\u043d\u0441\u0444\u043e\u0440\u043c\u0430\u0446\u0438\u044e \u0441 \u043f\u043e\u043c\u043e\u0449\u044c\u044e \u0440\u0430\u0437\u0440\u0430\u0431\u043e\u0442\u0430\u043d\u043d\u043e\u0433\u043e \u043d\u0430\u043c\u0438 \u043f\u0440\u043e\u0433\u0440\u0430\u043c\u043c\u043d\u043e\u0433\u043e \u043e\u0431\u0435\u0441\u043f\u0435\u0447\u0435\u043d\u0438\u044f \u0434\u043b\u044f \u043b\u043e\u0433\u0438\u0441\u0442\u0438\u043a\u0438 \u0438 \u0443\u043f\u0440\u0430\u0432\u043b\u0435\u043d\u0438\u044f \u0446\u0435\u043f\u043e\u0447\u043a\u0430\u043c\u0438 \u043f\u043e\u0441\u0442\u0430\u0432\u043e\u043a.<\/p>\n<h2>\u041d\u0430\u0448\u0430 \u0442\u0435\u0445\u043d\u043e\u043b\u043e\u0433\u0438\u0447\u0435\u0441\u043a\u0430\u044f \u044d\u043a\u043e\u0441\u0438\u0441\u0442\u0435\u043c\u0430 \u0438 \u043c\u0435\u0436\u0434\u0443\u043d\u0430\u0440\u043e\u0434\u043d\u0430\u044f \u0434\u0435\u044f\u0442\u0435\u043b\u044c\u043d\u043e\u0441\u0442\u044c<\/h2>\n<p>\u041d\u0430\u0448\u0430 \u0448\u0442\u0430\u0431-\u043a\u0432\u0430\u0440\u0442\u0438\u0440\u0430 \u0440\u0430\u0441\u043f\u043e\u043b\u043e\u0436\u0435\u043d\u0430 \u0432 <strong>\u0437\u043e\u043d\u0435 \u0442\u0435\u0445\u043d\u043e\u043b\u043e\u0433\u0438\u0447\u0435\u0441\u043a\u043e\u0433\u043e \u0440\u0430\u0437\u0432\u0438\u0442\u0438\u044f \u00ab\u0411\u0438\u043b\u0438\u0441\u0438\u043c \u0412\u0430\u0434\u0438\u0441\u0438 \u0422\u0435\u043a\u043d\u043e\u043f\u0430\u0440\u043a\u00bb<\/strong>, \u043e\u0434\u043d\u043e\u0439 \u0438\u0437 \u043a\u0440\u0443\u043f\u043d\u0435\u0439\u0448\u0438\u0445 \u0442\u0435\u0445\u043d\u043e\u043b\u043e\u0433\u0438\u0447\u0435\u0441\u043a\u0438\u0445 \u044d\u043a\u043e\u0441\u0438\u0441\u0442\u0435\u043c \u0422\u0443\u0440\u0446\u0438\u0438. \u041c\u044b \u0442\u0430\u043a\u0436\u0435 \u043e\u0441\u0443\u0449\u0435\u0441\u0442\u0432\u043b\u044f\u0435\u043c \u043c\u0435\u0436\u0434\u0443\u043d\u0430\u0440\u043e\u0434\u043d\u044b\u0435 \u0438\u0441\u0441\u043b\u0435\u0434\u043e\u0432\u0430\u043d\u0438\u044f, \u0440\u0430\u0437\u0440\u0430\u0431\u043e\u0442\u043a\u0438 \u0438 \u0440\u0430\u0437\u0432\u0438\u0442\u0438\u0435 \u0442\u0435\u0445\u043d\u043e\u043b\u043e\u0433\u0438\u0439 \u0447\u0435\u0440\u0435\u0437 \u043d\u0430\u0448 \u043e\u0444\u0438\u0441 \u0432 <strong>\u0410\u0437\u0435\u0440\u0431\u0430\u0439\u0434\u0436\u0430\u043d\u0441\u043a\u043e\u043c \u0442\u0435\u0445\u043d\u0438\u0447\u0435\u0441\u043a\u043e\u043c \u0443\u043d\u0438\u0432\u0435\u0440\u0441\u0438\u0442\u0435\u0442\u0435<\/strong>. \u042d\u0442\u043e \u043e\u0431\u0435\u0441\u043f\u0435\u0447\u0438\u0432\u0430\u0435\u0442 \u043d\u0430\u043c \u043c\u043e\u0449\u043d\u0443\u044e \u0441\u0435\u0442\u044c \u043e\u0431\u043c\u0435\u043d\u0430 \u0437\u043d\u0430\u043d\u0438\u044f\u043c\u0438 \u0438 \u0441\u043e\u0442\u0440\u0443\u0434\u043d\u0438\u0447\u0435\u0441\u0442\u0432\u0430 \u043a\u0430\u043a \u043d\u0430 \u043c\u0435\u0441\u0442\u043d\u043e\u043c, \u0442\u0430\u043a \u0438 \u043d\u0430 \u0433\u043b\u043e\u0431\u0430\u043b\u044c\u043d\u043e\u043c \u0443\u0440\u043e\u0432\u043d\u0435.<\/p>\n<p>\u041d\u0430\u0448\u0435 \u043f\u043e\u0440\u0442\u0444\u043e\u043b\u0438\u043e \u043f\u0440\u043e\u0434\u0443\u043a\u0442\u043e\u0432 \u0432\u043a\u043b\u044e\u0447\u0430\u0435\u0442 <strong><a href=\"https:\/\/www.pulur.com.tr\/ru\/picka-wms\/\">Picka WMS<\/a> (\u0441\u0438\u0441\u0442\u0435\u043c\u0430 \u0443\u043f\u0440\u0430\u0432\u043b\u0435\u043d\u0438\u044f \u0441\u043a\u043b\u0430\u0434\u043e\u043c)<\/strong> \u0438 <strong><a href=\"https:\/\/www.pulur.com.tr\/ru\/picka-tms\/\">Picka TMS<\/a> (\u0441\u0438\u0441\u0442\u0435\u043c\u0430 \u0443\u043f\u0440\u0430\u0432\u043b\u0435\u043d\u0438\u044f \u0442\u0440\u0430\u043d\u0441\u043f\u043e\u0440\u0442\u0438\u0440\u043e\u0432\u043a\u043e\u0439)<\/strong>, \u043a\u043e\u0442\u043e\u0440\u044b\u0435 \u043f\u0440\u0435\u0434\u043b\u0430\u0433\u0430\u044e\u0442 \u043a\u043e\u043c\u043f\u043b\u0435\u043a\u0441\u043d\u044b\u0435 \u0440\u0435\u0448\u0435\u043d\u0438\u044f \u0434\u043b\u044f \u0441\u043a\u0432\u043e\u0437\u043d\u043e\u0433\u043e \u0443\u043f\u0440\u0430\u0432\u043b\u0435\u043d\u0438\u044f \u043b\u043e\u0433\u0438\u0441\u0442\u0438\u043a\u043e\u0439. \u042d\u0442\u0438 \u043f\u0440\u043e\u0433\u0440\u0430\u043c\u043c\u043d\u044b\u0435 \u043f\u0440\u043e\u0434\u0443\u043a\u0442\u044b \u043f\u043e\u0432\u044b\u0448\u0430\u044e\u0442 \u043a\u043e\u043d\u043a\u0443\u0440\u0435\u043d\u0442\u043e\u0441\u043f\u043e\u0441\u043e\u0431\u043d\u043e\u0441\u0442\u044c \u043d\u0430\u0448\u0438\u0445 \u043a\u043b\u0438\u0435\u043d\u0442\u043e\u0432, \u043e\u0431\u0435\u0441\u043f\u0435\u0447\u0438\u0432\u0430\u044f \u0441\u043a\u043e\u0440\u043e\u0441\u0442\u044c, \u0442\u043e\u0447\u043d\u043e\u0441\u0442\u044c \u0438 \u043f\u043e\u043b\u043d\u044b\u0439 \u043a\u043e\u043d\u0442\u0440\u043e\u043b\u044c \u043d\u0430 \u0432\u0441\u0435\u0445 \u044d\u0442\u0430\u043f\u0430\u0445: \u043e\u0442 \u0441\u043a\u043b\u0430\u0434\u0441\u043a\u0438\u0445 \u043e\u043f\u0435\u0440\u0430\u0446\u0438\u0439 \u0438 \u043f\u043b\u0430\u043d\u0438\u0440\u043e\u0432\u0430\u043d\u0438\u044f \u043f\u0435\u0440\u0435\u0432\u043e\u0437\u043e\u043a \u0434\u043e \u0443\u043f\u0440\u0430\u0432\u043b\u0435\u043d\u0438\u044f \u0437\u0430\u043a\u0430\u0437\u0430\u043c\u0438 \u0438 \u0438\u0445 \u0440\u0430\u0441\u043f\u0440\u0435\u0434\u0435\u043b\u0435\u043d\u0438\u044f.<\/p>\n<p>\u041a\u043e\u043c\u043f\u0430\u043d\u0438\u044f Pulur Technology \u0441\u043f\u0435\u0446\u0438\u0430\u043b\u0438\u0437\u0438\u0440\u0443\u0435\u0442\u0441\u044f \u043d\u0435 \u0442\u043e\u043b\u044c\u043a\u043e \u043d\u0430 \u0440\u0430\u0437\u0440\u0430\u0431\u043e\u0442\u043a\u0435 \u043f\u0440\u043e\u0433\u0440\u0430\u043c\u043c\u043d\u043e\u0433\u043e \u043e\u0431\u0435\u0441\u043f\u0435\u0447\u0435\u043d\u0438\u044f, \u043d\u043e \u0438 \u043f\u0440\u0435\u0434\u043b\u0430\u0433\u0430\u0435\u0442 \u0443\u0441\u043b\u0443\u0433\u0438 <strong>\u043a\u043e\u043d\u0441\u0430\u043b\u0442\u0438\u043d\u0433\u0430 \u043f\u043e \u0431\u0438\u0437\u043d\u0435\u0441-\u043f\u0440\u043e\u0446\u0435\u0441\u0441\u0430\u043c<\/strong>. \u0421\u043e\u0437\u0434\u0430\u0432\u0430\u044f \u0438\u043d\u0434\u0438\u0432\u0438\u0434\u0443\u0430\u043b\u044c\u043d\u044b\u0435 \u0440\u0435\u0448\u0435\u043d\u0438\u044f, \u043c\u044b \u043f\u043e\u043c\u043e\u0433\u0430\u0435\u043c \u043a\u043e\u043c\u043f\u0430\u043d\u0438\u044f\u043c \u0434\u043e\u0431\u0438\u0442\u044c\u0441\u044f \u0431\u043e\u043b\u0435\u0435 \u044d\u0444\u0444\u0435\u043a\u0442\u0438\u0432\u043d\u043e\u0439, \u0433\u0438\u0431\u043a\u043e\u0439 \u0438 \u0443\u0441\u0442\u043e\u0439\u0447\u0438\u0432\u043e\u0439 \u0440\u0430\u0431\u043e\u0442\u044b.<\/p>\n<p>\u0421\u0435\u0433\u043e\u0434\u043d\u044f Pulur Technology \u043e\u0441\u0443\u0449\u0435\u0441\u0442\u0432\u043b\u044f\u0435\u0442 \u0441\u0432\u043e\u044e \u0434\u0435\u044f\u0442\u0435\u043b\u044c\u043d\u043e\u0441\u0442\u044c <strong>\u0432 \u0448\u0438\u0440\u043e\u043a\u043e\u043c \u0433\u0435\u043e\u0433\u0440\u0430\u0444\u0438\u0447\u0435\u0441\u043a\u043e\u043c \u043c\u0430\u0441\u0448\u0442\u0430\u0431\u0435, \u043f\u0440\u0435\u0438\u043c\u0443\u0449\u0435\u0441\u0442\u0432\u0435\u043d\u043d\u043e \u0432 \u0422\u0443\u0440\u0446\u0438\u0438 \u0438 \u0426\u0435\u043d\u0442\u0440\u0430\u043b\u044c\u043d\u043e\u0439 \u0410\u0437\u0438\u0438<\/strong>, \u0438 \u043f\u0440\u0435\u0434\u043b\u0430\u0433\u0430\u0435\u0442 \u0441\u0432\u043e\u0451 \u043f\u0440\u043e\u0433\u0440\u0430\u043c\u043c\u043d\u043e\u0435 \u043e\u0431\u0435\u0441\u043f\u0435\u0447\u0435\u043d\u0438\u0435 <strong>\u043d\u0430 \u043c\u0438\u0440\u043e\u0432\u044b\u0445 \u0440\u044b\u043d\u043a\u0430\u0445<\/strong>. \u041d\u0430\u0448\u0430 \u0446\u0435\u043b\u044c \u2014 \u0441\u0442\u0430\u0442\u044c <strong>\u0432\u0435\u0434\u0443\u0449\u0435\u0439 \u0442\u0435\u0445\u043d\u043e\u043b\u043e\u0433\u0438\u0447\u0435\u0441\u043a\u043e\u0439 \u043a\u043e\u043c\u043f\u0430\u043d\u0438\u0435\u0439, \u043f\u0440\u0435\u0434\u043e\u0441\u0442\u0430\u0432\u043b\u044f\u044e\u0449\u0435\u0439 \u043d\u0430\u0434\u0451\u0436\u043d\u044b\u0435, \u0438\u043d\u043d\u043e\u0432\u0430\u0446\u0438\u043e\u043d\u043d\u044b\u0435 \u0438 \u043a\u043e\u043c\u043f\u043b\u0435\u043a\u0441\u043d\u044b\u0435 \u0440\u0435\u0448\u0435\u043d\u0438\u044f<\/strong> \u0432 \u0441\u0444\u0435\u0440\u0435 \u043b\u043e\u0433\u0438\u0441\u0442\u0438\u043a\u0438 \u043f\u043e \u0432\u0441\u0435\u043c\u0443 \u043c\u0438\u0440\u0443.<\/p>\n<\/div><\/section><br \/>\n\n<style type=\"text\/css\" data-created_by=\"avia_inline_auto\" id=\"style-css-av-eyp57-a164698ea472d37bc3b6bbddb5e11b8c\">\n#top .hr.hr-invisible.av-eyp57-a164698ea472d37bc3b6bbddb5e11b8c{\nheight:30px;\n}\n<\/style>\n<div  class='hr av-eyp57-a164698ea472d37bc3b6bbddb5e11b8c hr-invisible  avia-builder-el-5  el_after_av_textblock  avia-builder-el-last '><span class='hr-inner '><span class=\"hr-inner-style\"><\/span><\/span><\/div><\/p><\/div><\/p>\n<\/div><\/div><\/div><div id='av_section_1'  class='avia-section av-4xl6pv-88da8e89202013683efe495d27810a6a main_color avia-section-large avia-no-border-styling  avia-builder-el-6  el_after_av_layout_row  avia-builder-el-last  avia-bg-style-scroll container_wrap sidebar_right'  ><div class='container av-section-cont-open' ><div class='template-page content  av-content-small alpha units'><div class='post-entry post-entry-type-page post-entry-1692'><div class='entry-content-wrapper clearfix'>\n<div  class='flex_column av-homlv-27200200ca33a6103ebcd69740323e95 av_one_half  avia-builder-el-7  el_before_av_one_half  avia-builder-el-first  first flex_column_div  '     ><style type=\"text\/css\" data-created_by=\"avia_inline_auto\" id=\"style-css-av-meveitf7-dc40e9df23489d95557bab2ced84e686\">\n.avia-image-container.av-meveitf7-dc40e9df23489d95557bab2ced84e686 img.avia_image{\nbox-shadow:none;\n}\n.avia-image-container.av-meveitf7-dc40e9df23489d95557bab2ced84e686 .av-image-caption-overlay-center{\ncolor:#ffffff;\n}\n<\/style>\n<div  class='avia-image-container av-meveitf7-dc40e9df23489d95557bab2ced84e686 av-styling- avia-align-center  avia-builder-el-8  avia-builder-el-no-sibling '   itemprop=\"image\" itemscope=\"itemscope\" itemtype=\"https:\/\/schema.org\/ImageObject\" ><div class=\"avia-image-container-inner\"><div class=\"avia-image-overlay-wrap\"><img decoding=\"async\" fetchpriority=\"high\" class='wp-image-1695 avia-img-lazy-loading-not-1695 avia_image ' src=\"https:\/\/www.pulur.com.tr\/wp-content\/uploads\/2025\/08\/BV-495x400.jpg\" alt='B\u0130L\u0130\u015e\u0130M VAD\u0130S\u0130' title='Bili\u015fim Vadisi'  height=\"400\" width=\"495\"  itemprop=\"thumbnailUrl\"  \/><\/div><\/div><\/div><\/div><div  class='flex_column av-8gk4r-cfeeda7e6c7e88183681212256cc1db3 av_one_half  avia-builder-el-9  el_after_av_one_half  el_before_av_one_full  flex_column_div  '     ><style type=\"text\/css\" data-created_by=\"avia_inline_auto\" id=\"style-css-av-mevej8rb-4b98bb8cf85ec1817e0c522ecd0ee1ac\">\n.avia-image-container.av-mevej8rb-4b98bb8cf85ec1817e0c522ecd0ee1ac img.avia_image{\nbox-shadow:none;\n}\n.avia-image-container.av-mevej8rb-4b98bb8cf85ec1817e0c522ecd0ee1ac .av-image-caption-overlay-center{\ncolor:#ffffff;\n}\n<\/style>\n<div  class='avia-image-container av-mevej8rb-4b98bb8cf85ec1817e0c522ecd0ee1ac av-styling- avia-align-center  avia-builder-el-10  avia-builder-el-no-sibling '   itemprop=\"image\" itemscope=\"itemscope\" itemtype=\"https:\/\/schema.org\/ImageObject\" ><div class=\"avia-image-container-inner\"><div class=\"avia-image-overlay-wrap\"><img decoding=\"async\" fetchpriority=\"high\" class='wp-image-1694 avia-img-lazy-loading-not-1694 avia_image ' src=\"https:\/\/www.pulur.com.tr\/wp-content\/uploads\/2025\/08\/aztu-495x400.jpg\" alt='AZTU' title='Azerbaycan Teknik \u00dcniversitesi'  height=\"400\" width=\"495\"  itemprop=\"thumbnailUrl\" srcset=\"https:\/\/www.pulur.com.tr\/wp-content\/uploads\/2025\/08\/aztu-495x400.jpg 495w, https:\/\/www.pulur.com.tr\/wp-content\/uploads\/2025\/08\/aztu-845x684.jpg 845w\" sizes=\"(max-width: 495px) 100vw, 495px\" \/><\/div><\/div><\/div><\/div><div  class='flex_column av-awxgj-9b144307005677bb33d19462c36e8716 av_one_full  avia-builder-el-11  el_after_av_one_half  avia-builder-el-last  first flex_column_div  column-top-margin'     ><\/div>\n<\/div><\/div><\/div><!-- close content main div --><\/div><\/div><div id='after_section_1'  class='main_color av_default_container_wrap container_wrap sidebar_right'  ><div class='container av-section-cont-open' ><div class='template-page content  av-content-small alpha units'><div class='post-entry post-entry-type-page post-entry-1692'><div class='entry-content-wrapper clearfix'><\/p>\n","protected":false},"excerpt":{"rendered":"","protected":false},"author":1,"featured_media":0,"parent":0,"menu_order":0,"comment_status":"closed","ping_status":"closed","template":"","meta":{"footnotes":""},"class_list":["post-1692","page","type-page","status-publish","hentry"],"_links":{"self":[{"href":"https:\/\/www.pulur.com.tr\/ru\/wp-json\/wp\/v2\/pages\/1692","targetHints":{"allow":["GET"]}}],"collection":[{"href":"https:\/\/www.pulur.com.tr\/ru\/wp-json\/wp\/v2\/pages"}],"about":[{"href":"https:\/\/www.pulur.com.tr\/ru\/wp-json\/wp\/v2\/types\/page"}],"author":[{"embeddable":true,"href":"https:\/\/www.pulur.com.tr\/ru\/wp-json\/wp\/v2\/users\/1"}],"replies":[{"embeddable":true,"href":"https:\/\/www.pulur.com.tr\/ru\/wp-json\/wp\/v2\/comments?post=1692"}],"version-history":[{"count":14,"href":"https:\/\/www.pulur.com.tr\/ru\/wp-json\/wp\/v2\/pages\/1692\/revisions"}],"predecessor-version":[{"id":3127,"href":"https:\/\/www.pulur.com.tr\/ru\/wp-json\/wp\/v2\/pages\/1692\/revisions\/3127"}],"wp:attachment":[{"href":"https:\/\/www.pulur.com.tr\/ru\/wp-json\/wp\/v2\/media?parent=1692"}],"curies":[{"name":"wp","href":"https:\/\/api.w.org\/{rel}","templated":true}]}}